{"id":2232,"date":"2025-02-27T10:20:07","date_gmt":"2025-02-27T10:20:07","guid":{"rendered":"https:\/\/3xyhealth.com\/blog\/"},"modified":"2025-07-02T10:00:26","modified_gmt":"2025-07-02T06:00:26","slug":"blog","status":"publish","type":"page","link":"https:\/\/3xyhealth.com\/fr\/blog\/","title":{"rendered":"Blog"},"content":{"rendered":"\t\t<div data-elementor-type=\"wp-page\" data-elementor-id=\"2232\" class=\"elementor elementor-2232 elementor-95\" data-elementor-post-type=\"page\">\n\t\t\t\t<div class=\"elementor-element elementor-element-6cd5cd0 e-con-full e-flex e-con e-parent\" data-id=\"6cd5cd0\" data-element_type=\"container\" data-settings=\"{&quot;background_background&quot;:&quot;classic&quot;}\">\n\t\t<div class=\"elementor-element elementor-element-95cc8c3 e-con-full e-flex e-con e-child\" data-id=\"95cc8c3\" data-element_type=\"container\">\n\t\t\t\t<div class=\"elementor-element elementor-element-67aa333 animated-slow elementor-invisible elementor-widget elementor-widget-heading\" data-id=\"67aa333\" data-element_type=\"widget\" data-settings=\"{&quot;_animation&quot;:&quot;fadeIn&quot;,&quot;_animation_delay&quot;:1000}\" data-widget_type=\"heading.default\">\n\t\t\t\t<div class=\"elementor-widget-container\">\n\t\t\t\t\t<h1 class=\"elementor-heading-title elementor-size-default\"><br>3XYHealth Blog\n<\/h1>\t\t\t\t<\/div>\n\t\t\t\t<\/div>\n\t\t\t\t<div class=\"elementor-element elementor-element-be85029 animated-slow elementor-invisible elementor-widget elementor-widget-heading\" data-id=\"be85029\" data-element_type=\"widget\" data-settings=\"{&quot;_animation&quot;:&quot;fadeIn&quot;,&quot;_animation_delay&quot;:1500}\" data-widget_type=\"heading.default\">\n\t\t\t\t<div class=\"elementor-widget-container\">\n\t\t\t\t\t<h2 class=\"elementor-heading-title elementor-size-default\">Des id\u00e9es qui font le lien entre la science et la sant\u00e9 au quotidien<\/h2>\t\t\t\t<\/div>\n\t\t\t\t<\/div>\n\t\t\t\t<\/div>\n\t\t\t\t<\/div>\n\t\t<div class=\"elementor-element elementor-element-2c550ee e-con-full e-flex e-con e-parent\" data-id=\"2c550ee\" data-element_type=\"container\">\n\t\t\t\t<div class=\"elementor-element elementor-element-5c3bb1d elementor-widget elementor-widget-ucaddon_post_grid\" data-id=\"5c3bb1d\" data-element_type=\"widget\" data-widget_type=\"ucaddon_post_grid.default\">\n\t\t\t\t<div class=\"elementor-widget-container\">\n\t\t\t\t\t\n<!-- start Post Grid -->\n\t\t<link id='font-awesome-css' href='https:\/\/3xyhealth.com\/wp-content\/plugins\/unlimited-elements-for-elementor-premium\/assets_libraries\/font-awesome6\/fontawesome-all.min.css' type='text\/css' rel='stylesheet' >\n\t\t<link id='font-awesome-4-shim-css' href='https:\/\/3xyhealth.com\/wp-content\/plugins\/unlimited-elements-for-elementor-premium\/assets_libraries\/font-awesome6\/fontawesome-v4-shims.min.css' type='text\/css' rel='stylesheet' >\n\n<style>\/* widget: Post Grid *\/\n\n\n\n#uc_post_grid_elementor_5c3bb1d{\n  min-height: 1px;\n}\n\n#uc_post_grid_elementor_5c3bb1d.uc_post_grid_style_one .uc_post_grid_style_one_wrap {\n   display:grid;\n}\n\n\n#uc_post_grid_elementor_5c3bb1d .uc_post_grid_style_one_item{\n  position:relative;\n}\n\n#uc_post_grid_elementor_5c3bb1d .uc_post_image{\n  transition:0.3s;\n  position:relative;\n  overflow:hidden;\n}\n\n#uc_post_grid_elementor_5c3bb1d .uc_post_image img{\n  width:100%;\n  display:block;\n  transition:0.3s;\n}\n\n\t#uc_post_grid_elementor_5c3bb1d .ue-item:hover .uc_post_image img    {\n      transform:scale(1.1,1.1);\n    }\n\t\n\n#uc_post_grid_elementor_5c3bb1d .uc_post_image_overlay{\n  position:absolute;\n  top:0px;\n  left:0px;\n  height:100%;\n  width:100%;\n  transition:0.3s;\n}\n\n#uc_post_grid_elementor_5c3bb1d .uc_more_btn-custom-field{\n  display:inline-block;\n  text-align:center;\n  text-decoration:none;\n  transition:0.3s;\n}\n\n#uc_post_grid_elementor_5c3bb1d .uc_more_btn{\n  display:inline-block;\n  text-align:center;\n  text-decoration:none;\n  transition:0.3s;\n}\n\n.ue-grid-item-category a{\n  display:inline-block;\n  font-size:10px;\n  position: relative;\n  z-index: 1;\n}\n\n#uc_post_grid_elementor_5c3bb1d .ue-grid-item-posttype{\n  display:inline-block;\n  position: relative;\n  z-index: 1;\n}\n\n\n.uc_post_title{\n  font-size:21px;\n}\n\n\n\n  #uc_post_grid_elementor_5c3bb1d:not(.ue-list-view) .ue_post_grid_item{\n    display:flex;\n    flex-direction:column;\n  }\n\n  #uc_post_grid_elementor_5c3bb1d.uc_post_grid_style_one:not(.ue-list-view) .uc_content{\n   flex-grow:1;\n  }\n\n  #uc_post_grid_elementor_5c3bb1d.uc_post_grid_style_one .uc_content > div{\n    height:100%;\n    display:flex;\n    flex-direction:column;\n    justify-content: space-between;  }\n\n    #uc_post_grid_elementor_5c3bb1d .uc_post_button   {\n     margin-top:auto;\n   }\n  \n\n\n\n\n\n\n\n\n\n\n\n\n\/*  for grid\/list layout switcher*\/\n\t#uc_post_grid_elementor_5c3bb1d.ue-list-view .uc_post_grid_style_one_item {\n     display:flex;  \n     flex-direction:row;\n    }\n    #uc_post_grid_elementor_5c3bb1d.ue-list-view .uc_post_grid_style_one_item > div{\n     width:50%;\n    }\n   \n    #uc_post_grid_elementor_5c3bb1d.ue-list-view .uc_content    {\n      display:flex;\n      flex-direction:column;\n      justify-content:center;\n    }\n \n\/*  for grid\/list layout switcher*\/\n\n#uc_post_grid_elementor_5c3bb1d .ue-meta-data{  \n  display:flex !important;\n  flex-wrap: wrap;\n  line-height:1em;\n}\n\n#uc_post_grid_elementor_5c3bb1d .ue-grid-item-meta-data{\n  display:inline-flex;\n  align-items:center;\n}\n\n#uc_post_grid_elementor_5c3bb1d .ue-grid-item-meta-data a{\n  color:inherit;\n}\n\n.ue-grid-item-meta-data{\n  font-size:12px;\n}\n\n#uc_post_grid_elementor_5c3bb1d .ue-grid-item-meta-data-icon{\n  line-height:1em;\n}\n\n#uc_post_grid_elementor_5c3bb1d .ue-grid-item-meta-data-icon svg{\n  width:1em;\n  height:1em;\n}\n\n#uc_post_grid_elementor_5c3bb1d .ue-debug-meta{\n  padding:10px;\n  border:1px solid red;\n  position:relative;\n  line-height:1.5em;\n  font-size:11px;\n  width:100%;\n}\n\n#uc_post_grid_elementor_5c3bb1d .uc_btn_inner{\n  display:inline-flex;\n  align-items:center;\n  pointer-events:none;\n}\n\n#uc_post_grid_elementor_5c3bb1d .uc_btn_inner svg{\n  width:1em;\n  height:1em;\n}\n#uc_post_grid_elementor_5c3bb1d .ue_p_title{\n  pointer-events:none;\n}\n\n\n#uc_post_grid_elementor_5c3bb1d .uc_content_inner{\n  width: 100%;\n}\n\n\n#uc_post_grid_elementor_5c3bb1d .view-switcher-button{\n  display: flex;\n  align-items: center;\n}\n\n#uc_post_grid_elementor_5c3bb1d .view-switcher-icon{\n  display: flex;\n  align-items: center;\n  line-height: 1;\n  cursor: pointer;\n  transition: all .3s ease;\n}\n\n#uc_post_grid_elementor_5c3bb1d .view-switcher-icon svg{\n  height:1em;\n  width:1em;\n}\n\n#uc_post_grid_elementor_5c3bb1d .view-switcher-icon.ue-hidden{\n  display: none;\n}\n\n\n#uc_post_grid_elementor_5c3bb1d_item1 [href=\"javascript:void(0)\"]{\n  cursor: unset;\n}\n\n\n#uc_post_grid_elementor_5c3bb1d_item2 [href=\"javascript:void(0)\"]{\n  cursor: unset;\n}\n\n\n<\/style>\n\n<div class=\"uc_post_grid_style_one \" id=\"uc_post_grid_elementor_5c3bb1d\"  >\n  \t\n  <div class=\"uc_post_grid_style_one_wrap ue_post_grid uc-items-wrapper ue-woo-grid\">\n\t\t\t\n\n\n\n<div id=\"uc_post_grid_elementor_5c3bb1d_item1\" class=\"uc_post_grid_style_one_item ue_post_grid_item ue-item \">\n  \n      <a class=\"uc_post_grid_style_one_image \" href='https:\/\/3xyhealth.com\/fr\/nutrigenetique-101-comment-vos-genes-peuvent-guider-des-choix-nutritionnels-plus-intelligents\/' target=\"_self\">\n     <div class=\"uc_post_image\">\n       <img fetchpriority=\"high\" decoding=\"async\" src=\"https:\/\/3xyhealth.com\/wp-content\/uploads\/2025\/04\/freepik__the-style-is-candid-image-photography-with-natural__18391.jpeg\"  src=\"https:\/\/3xyhealth.com\/wp-content\/uploads\/2025\/04\/freepik__the-style-is-candid-image-photography-with-natural__18391.jpeg\" alt=\"freepik__the-style-is-candid-image-photography-with-natural__18391\" width=\"1152\" height=\"864\">\n       <div class=\"uc_post_image_overlay\"><\/div>\n     <\/div>\n    <\/a>\n   \n  <div class=\"uc_content\">\n    <div class=\"uc_content_inner\">\n      <div class=\"uc_content-info-wrapper\" >\n        \n\n               \n       \n              \n\n            \t\t\t<div class=\"uc_post_title\"><a class=\"\" href='https:\/\/3xyhealth.com\/fr\/nutrigenetique-101-comment-vos-genes-peuvent-guider-des-choix-nutritionnels-plus-intelligents\/' target=\"_self\"><div class=\"ue_p_title\">Nutrig\u00e9n\u00e9tique 101 : comment vos g\u00e8nes peuvent guider des choix nutritionnels plus intelligents<\/div><\/a><\/div>\n      \t\n                      \n       \n        <div class=\"ue-meta-data\">\n            \n                \t    \n                \n        \n\t\n                \n                \n                \n                \n    \t\t\t\n      \n            \n  <\/div>\t\n      \t<div class=\"uc_post_text\">Des tendances bien-\u00eatre aux tests ADN, l\u2019id\u00e9e que vos g\u00e8nes peuvent influencer votre alimentation est...<\/div>\n     \n                 \n                            \n                                  \n     <\/div>                      \n           <div class=\"uc_post_button\">\n        \n        <a class=\"uc_more_btn \" target=\"_blank\" href='https:\/\/3xyhealth.com\/fr\/nutrigenetique-101-comment-vos-genes-peuvent-guider-des-choix-nutritionnels-plus-intelligents\/'>\n          <div class=\"uc_btn_inner\">\n            <div class=\"uc_btn_txt\">Lire la suite<\/div>\n                      <\/div>\n      \t<\/a>\n        \n                \n      <\/div>                           \n \t<\/div>  <\/div>      \n        \n<\/div>\n\n\n\n\n<div id=\"uc_post_grid_elementor_5c3bb1d_item2\" class=\"uc_post_grid_style_one_item ue_post_grid_item ue-item \">\n  \n      <a class=\"uc_post_grid_style_one_image \" href='https:\/\/3xyhealth.com\/fr\/le-pouvoir-de-la-nutrition-personnalisee-pourquoi-une-approche-unique-ne-fonctionne-pas\/' target=\"_self\">\n     <div class=\"uc_post_image\">\n       <img decoding=\"async\" src=\"https:\/\/3xyhealth.com\/wp-content\/uploads\/2025\/04\/close-up-fork-with-measuring-tape-around-scaled.jpg\"  src=\"https:\/\/3xyhealth.com\/wp-content\/uploads\/2025\/04\/close-up-fork-with-measuring-tape-around-scaled.jpg\" alt=\"Dieting weight loss concept\" width=\"2560\" height=\"1707\">\n       <div class=\"uc_post_image_overlay\"><\/div>\n     <\/div>\n    <\/a>\n   \n  <div class=\"uc_content\">\n    <div class=\"uc_content_inner\">\n      <div class=\"uc_content-info-wrapper\" >\n        \n\n               \n       \n              \n\n            \t\t\t<div class=\"uc_post_title\"><a class=\"\" href='https:\/\/3xyhealth.com\/fr\/le-pouvoir-de-la-nutrition-personnalisee-pourquoi-une-approche-unique-ne-fonctionne-pas\/' target=\"_self\"><div class=\"ue_p_title\">Le pouvoir de la nutrition personnalis\u00e9e : pourquoi l'approche unique ne fonctionne pas<\/div><\/a><\/div>\n      \t\n                      \n       \n        <div class=\"ue-meta-data\">\n            \n                \t    \n                \n        \n\t\n                \n                \n                \n                \n    \t\t\t\n      \n            \n  <\/div>\t\n      \t<div class=\"uc_post_text\">Des r\u00e9gimes \u00e0 la mode aux recommandations officielles, les conseils nutritionnels sont partout. Mais...<\/div>\n     \n                 \n                            \n                                  \n     <\/div>                      \n           <div class=\"uc_post_button\">\n        \n        <a class=\"uc_more_btn \" target=\"_blank\" href='https:\/\/3xyhealth.com\/fr\/le-pouvoir-de-la-nutrition-personnalisee-pourquoi-une-approche-unique-ne-fonctionne-pas\/'>\n          <div class=\"uc_btn_inner\">\n            <div class=\"uc_btn_txt\">Lire la suite<\/div>\n                      <\/div>\n      \t<\/a>\n        \n                \n      <\/div>                           \n \t<\/div>  <\/div>      \n        \n<\/div>\n\n\t\t<\/div>\n\t<\/div>\n\n\n\n  <div id=\"uc_post_grid_elementor_5c3bb1d_empty_message\" class=\"ue-no-posts-found\"  style=\"display:none\" >Aucun poste trouv\u00e9<\/div>\n\n\n<!-- end Post Grid -->\t\t\t\t<\/div>\n\t\t\t\t<\/div>\n\t\t\t\t<\/div>\n\t\t\t\t<\/div>\n\t\t","protected":false},"excerpt":{"rendered":"<p>3XYHealth Blog Des id\u00e9es qui font le lien entre la science et la sant\u00e9 au quotidien Nutrigenetics 101: How Your Genes Can Guide Smarter Nutrition Choices From wellness trends to DNA kits, the idea that your genes can shape your diet has taken center stage&#8230;. Lire la suite The Power of Personalized Nutrition: Why One-Size-Fits-All [&hellip;]<\/p>\n","protected":false},"author":1,"featured_media":0,"parent":0,"menu_order":0,"comment_status":"closed","ping_status":"closed","template":"","meta":{"footnotes":""},"class_list":["post-2232","page","type-page","status-publish","hentry"],"yoast_head":"<!-- This site is optimized with the Yoast SEO plugin v26.7 - https:\/\/yoast.com\/wordpress\/plugins\/seo\/ -->\n<title>Blog - 3XY Health<\/title>\n<meta name=\"description\" content=\"D\u00e9couvrez les conseils d&#039;experts en mati\u00e8re de nutrition, de m\u00e9decine du mode de vie et de coaching de l&#039;\u00e9tat d&#039;esprit pour vous accompagner dans votre parcours de sant\u00e9 et vous inspirer un bien-\u00eatre durable.\" \/>\n<meta name=\"robots\" content=\"index, follow, max-snippet:-1, max-image-preview:large, max-video-preview:-1\" \/>\n<link rel=\"canonical\" href=\"https:\/\/3xyhealth.com\/fr\/blog\/\" \/>\n<meta property=\"og:locale\" content=\"fr_FR\" \/>\n<meta property=\"og:type\" content=\"article\" \/>\n<meta property=\"og:title\" content=\"Blog - 3XY Health\" \/>\n<meta property=\"og:description\" content=\"D\u00e9couvrez les conseils d&#039;experts en mati\u00e8re de nutrition, de m\u00e9decine du mode de vie et de coaching de l&#039;\u00e9tat d&#039;esprit pour vous accompagner dans votre parcours de sant\u00e9 et vous inspirer un bien-\u00eatre durable.\" \/>\n<meta property=\"og:url\" content=\"https:\/\/3xyhealth.com\/fr\/blog\/\" \/>\n<meta property=\"og:site_name\" content=\"3XY Health\" \/>\n<meta property=\"article:modified_time\" content=\"2025-07-02T06:00:26+00:00\" \/>\n<meta property=\"og:image\" content=\"https:\/\/3xyhealth.com\/wp-content\/uploads\/2025\/04\/freepik__the-style-is-candid-image-photography-with-natural__18391.jpeg\" \/>\n<meta name=\"twitter:card\" content=\"summary_large_image\" \/>\n<script type=\"application\/ld+json\" class=\"yoast-schema-graph\">{\"@context\":\"https:\/\/schema.org\",\"@graph\":[{\"@type\":\"WebPage\",\"@id\":\"https:\/\/3xyhealth.com\/fr\/blog\/\",\"url\":\"https:\/\/3xyhealth.com\/fr\/blog\/\",\"name\":\"Blog - 3XY Health\",\"isPartOf\":{\"@id\":\"https:\/\/3xyhealth.com\/fr\/#website\"},\"primaryImageOfPage\":{\"@id\":\"https:\/\/3xyhealth.com\/fr\/blog\/#primaryimage\"},\"image\":{\"@id\":\"https:\/\/3xyhealth.com\/fr\/blog\/#primaryimage\"},\"thumbnailUrl\":\"https:\/\/3xyhealth.com\/wp-content\/uploads\/2025\/04\/freepik__the-style-is-candid-image-photography-with-natural__18391.jpeg\",\"datePublished\":\"2025-02-27T10:20:07+00:00\",\"dateModified\":\"2025-07-02T06:00:26+00:00\",\"description\":\"D\u00e9couvrez les conseils d'experts en mati\u00e8re de nutrition, de m\u00e9decine du mode de vie et de coaching de l'\u00e9tat d'esprit pour vous accompagner dans votre parcours de sant\u00e9 et vous inspirer un bien-\u00eatre durable.\",\"breadcrumb\":{\"@id\":\"https:\/\/3xyhealth.com\/fr\/blog\/#breadcrumb\"},\"inLanguage\":\"fr-FR\",\"potentialAction\":[{\"@type\":\"ReadAction\",\"target\":[\"https:\/\/3xyhealth.com\/fr\/blog\/\"]}]},{\"@type\":\"ImageObject\",\"inLanguage\":\"fr-FR\",\"@id\":\"https:\/\/3xyhealth.com\/fr\/blog\/#primaryimage\",\"url\":\"https:\/\/3xyhealth.com\/wp-content\/uploads\/2025\/04\/freepik__the-style-is-candid-image-photography-with-natural__18391.jpeg\",\"contentUrl\":\"https:\/\/3xyhealth.com\/wp-content\/uploads\/2025\/04\/freepik__the-style-is-candid-image-photography-with-natural__18391.jpeg\"},{\"@type\":\"BreadcrumbList\",\"@id\":\"https:\/\/3xyhealth.com\/fr\/blog\/#breadcrumb\",\"itemListElement\":[{\"@type\":\"ListItem\",\"position\":1,\"name\":\"Home\",\"item\":\"https:\/\/3xyhealth.com\/fr\/favoriser-un-traitement-optimal-des-hommes-et-des-femmes\/\"},{\"@type\":\"ListItem\",\"position\":2,\"name\":\"Blog\"}]},{\"@type\":\"WebSite\",\"@id\":\"https:\/\/3xyhealth.com\/fr\/#website\",\"url\":\"https:\/\/3xyhealth.com\/fr\/\",\"name\":\"3XY Health\",\"description\":\"\",\"potentialAction\":[{\"@type\":\"SearchAction\",\"target\":{\"@type\":\"EntryPoint\",\"urlTemplate\":\"https:\/\/3xyhealth.com\/fr\/?s={search_term_string}\"},\"query-input\":{\"@type\":\"PropertyValueSpecification\",\"valueRequired\":true,\"valueName\":\"search_term_string\"}}],\"inLanguage\":\"fr-FR\"}]}<\/script>\n<!-- \/ Yoast SEO plugin. -->","yoast_head_json":{"title":"Blog - 3XY Health","description":"D\u00e9couvrez les conseils d'experts en mati\u00e8re de nutrition, de m\u00e9decine du mode de vie et de coaching de l'\u00e9tat d'esprit pour vous accompagner dans votre parcours de sant\u00e9 et vous inspirer un bien-\u00eatre durable.","robots":{"index":"index","follow":"follow","max-snippet":"max-snippet:-1","max-image-preview":"max-image-preview:large","max-video-preview":"max-video-preview:-1"},"canonical":"https:\/\/3xyhealth.com\/fr\/blog\/","og_locale":"fr_FR","og_type":"article","og_title":"Blog - 3XY Health","og_description":"D\u00e9couvrez les conseils d'experts en mati\u00e8re de nutrition, de m\u00e9decine du mode de vie et de coaching de l'\u00e9tat d'esprit pour vous accompagner dans votre parcours de sant\u00e9 et vous inspirer un bien-\u00eatre durable.","og_url":"https:\/\/3xyhealth.com\/fr\/blog\/","og_site_name":"3XY Health","article_modified_time":"2025-07-02T06:00:26+00:00","og_image":[{"url":"https:\/\/3xyhealth.com\/wp-content\/uploads\/2025\/04\/freepik__the-style-is-candid-image-photography-with-natural__18391.jpeg","type":"","width":"","height":""}],"twitter_card":"summary_large_image","schema":{"@context":"https:\/\/schema.org","@graph":[{"@type":"WebPage","@id":"https:\/\/3xyhealth.com\/fr\/blog\/","url":"https:\/\/3xyhealth.com\/fr\/blog\/","name":"Blog - 3XY Health","isPartOf":{"@id":"https:\/\/3xyhealth.com\/fr\/#website"},"primaryImageOfPage":{"@id":"https:\/\/3xyhealth.com\/fr\/blog\/#primaryimage"},"image":{"@id":"https:\/\/3xyhealth.com\/fr\/blog\/#primaryimage"},"thumbnailUrl":"https:\/\/3xyhealth.com\/wp-content\/uploads\/2025\/04\/freepik__the-style-is-candid-image-photography-with-natural__18391.jpeg","datePublished":"2025-02-27T10:20:07+00:00","dateModified":"2025-07-02T06:00:26+00:00","description":"D\u00e9couvrez les conseils d'experts en mati\u00e8re de nutrition, de m\u00e9decine du mode de vie et de coaching de l'\u00e9tat d'esprit pour vous accompagner dans votre parcours de sant\u00e9 et vous inspirer un bien-\u00eatre durable.","breadcrumb":{"@id":"https:\/\/3xyhealth.com\/fr\/blog\/#breadcrumb"},"inLanguage":"fr-FR","potentialAction":[{"@type":"ReadAction","target":["https:\/\/3xyhealth.com\/fr\/blog\/"]}]},{"@type":"ImageObject","inLanguage":"fr-FR","@id":"https:\/\/3xyhealth.com\/fr\/blog\/#primaryimage","url":"https:\/\/3xyhealth.com\/wp-content\/uploads\/2025\/04\/freepik__the-style-is-candid-image-photography-with-natural__18391.jpeg","contentUrl":"https:\/\/3xyhealth.com\/wp-content\/uploads\/2025\/04\/freepik__the-style-is-candid-image-photography-with-natural__18391.jpeg"},{"@type":"BreadcrumbList","@id":"https:\/\/3xyhealth.com\/fr\/blog\/#breadcrumb","itemListElement":[{"@type":"ListItem","position":1,"name":"Home","item":"https:\/\/3xyhealth.com\/fr\/favoriser-un-traitement-optimal-des-hommes-et-des-femmes\/"},{"@type":"ListItem","position":2,"name":"Blog"}]},{"@type":"WebSite","@id":"https:\/\/3xyhealth.com\/fr\/#website","url":"https:\/\/3xyhealth.com\/fr\/","name":"3XY Health","description":"","potentialAction":[{"@type":"SearchAction","target":{"@type":"EntryPoint","urlTemplate":"https:\/\/3xyhealth.com\/fr\/?s={search_term_string}"},"query-input":{"@type":"PropertyValueSpecification","valueRequired":true,"valueName":"search_term_string"}}],"inLanguage":"fr-FR"}]}},"_links":{"self":[{"href":"https:\/\/3xyhealth.com\/fr\/wp-json\/wp\/v2\/pages\/2232","targetHints":{"allow":["GET"]}}],"collection":[{"href":"https:\/\/3xyhealth.com\/fr\/wp-json\/wp\/v2\/pages"}],"about":[{"href":"https:\/\/3xyhealth.com\/fr\/wp-json\/wp\/v2\/types\/page"}],"author":[{"embeddable":true,"href":"https:\/\/3xyhealth.com\/fr\/wp-json\/wp\/v2\/users\/1"}],"replies":[{"embeddable":true,"href":"https:\/\/3xyhealth.com\/fr\/wp-json\/wp\/v2\/comments?post=2232"}],"version-history":[{"count":7,"href":"https:\/\/3xyhealth.com\/fr\/wp-json\/wp\/v2\/pages\/2232\/revisions"}],"predecessor-version":[{"id":2607,"href":"https:\/\/3xyhealth.com\/fr\/wp-json\/wp\/v2\/pages\/2232\/revisions\/2607"}],"wp:attachment":[{"href":"https:\/\/3xyhealth.com\/fr\/wp-json\/wp\/v2\/media?parent=2232"}],"curies":[{"name":"wp","href":"https:\/\/api.w.org\/{rel}","templated":true}]}}