{"id":2236,"date":"2025-04-23T13:39:13","date_gmt":"2025-04-23T13:39:13","guid":{"rendered":"https:\/\/3xyhealth.com\/politique-en-matiere-de-cookies\/"},"modified":"2025-05-30T10:03:34","modified_gmt":"2025-05-30T06:03:34","slug":"politique-en-matiere-de-cookies","status":"publish","type":"page","link":"https:\/\/3xyhealth.com\/fr\/politique-en-matiere-de-cookies\/","title":{"rendered":"Politique en mati\u00e8re de cookies"},"content":{"rendered":"\t\t<div data-elementor-type=\"wp-page\" data-elementor-id=\"2236\" class=\"elementor elementor-2236 elementor-1866\" data-elementor-post-type=\"page\">\n\t\t\t\t<div class=\"elementor-element elementor-element-f37def9 e-flex e-con-boxed e-con e-parent\" data-id=\"f37def9\" data-element_type=\"container\">\n\t\t\t\t\t<div class=\"e-con-inner\">\n\t\t\t\t<div class=\"elementor-element elementor-element-93cc2ab elementor-widget elementor-widget-text-editor\" data-id=\"93cc2ab\" data-element_type=\"widget\" data-widget_type=\"text-editor.default\">\n\t\t\t\t<div class=\"elementor-widget-container\">\n\t\t\t\t\t\t\t\t\t<h1 class=\"text-2xl font-bold mt-1 text-text-100\">POLITIQUE EN MATI\u00c8RE DE COOKIES<\/h1><p class=\"whitespace-pre-wrap break-words\"><strong>Derni\u00e8re mise \u00e0 jour : 23 avril 2025<\/strong><\/p><h2 class=\"text-xl font-bold text-text-100 mt-1 -mb-0.5\">1. L&rsquo;INTRODUCTION<\/h2><p class=\"whitespace-pre-wrap break-words\">Cette politique en mati\u00e8re de cookies explique comment 3XYhealth, une division de All3XYHealth FZ-LLC (\u00ab\u00a0nous\u00a0\u00bb, \u00ab\u00a0notre\u00a0\u00bb ou \u00ab\u00a0nos\u00a0\u00bb), utilise des cookies et des technologies similaires sur son site web. Cette politique en mati\u00e8re de cookies doit \u00eatre lue conjointement avec notre politique de confidentialit\u00e9, qui explique comment nous utilisons les informations personnelles de mani\u00e8re g\u00e9n\u00e9rale. <\/p><h2 class=\"text-xl font-bold text-text-100 mt-1 -mb-0.5\">2. QU&rsquo;EST-CE QU&rsquo;UN COOKIE ?<\/h2><p class=\"whitespace-pre-wrap break-words\">Les cookies sont de petits fichiers texte qui sont stock\u00e9s sur votre ordinateur ou votre appareil mobile lorsque vous visitez un site web. Ils sont largement utilis\u00e9s pour am\u00e9liorer le fonctionnement des sites web et fournir des informations \u00e0 leurs propri\u00e9taires. Les cookies peuvent \u00eatre \u00ab\u00a0persistants\u00a0\u00bb ou \u00ab\u00a0de session\u00a0\u00bb. Les cookies persistants restent sur votre appareil lorsque vous \u00eates hors ligne, tandis que les cookies de session sont supprim\u00e9s d\u00e8s que vous fermez votre navigateur web.   <\/p><h2 class=\"text-xl font-bold text-text-100 mt-1 -mb-0.5\">3. POURQUOI UTILISONS-NOUS DES COOKIES ?<\/h2><p class=\"whitespace-pre-wrap break-words\">Nous utilisons des cookies pour plusieurs raisons :<\/p><ul class=\"[&amp;:not(:last-child)_ul]:pb-1 [&amp;:not(:last-child)_ol]:pb-1 list-disc space-y-1.5 pl-7\"><li class=\"whitespace-normal break-words\"><strong>Cookies essentiels :<\/strong> Ils sont n\u00e9cessaires au bon fonctionnement du site web et ne peuvent \u00eatre d\u00e9sactiv\u00e9s dans nos syst\u00e8mes. Ils ne sont g\u00e9n\u00e9ralement install\u00e9s qu&rsquo;en r\u00e9ponse \u00e0 des actions que vous effectuez et qui \u00e9quivalent \u00e0 une demande de services, telles que le r\u00e9glage de vos pr\u00e9f\u00e9rences en mati\u00e8re de confidentialit\u00e9, la connexion ou le remplissage de formulaires. <\/li><li class=\"whitespace-normal break-words\"><strong>Cookies de performance :<\/strong> Ils nous permettent de compter les visites et les sources de trafic afin de mesurer et d&rsquo;am\u00e9liorer les performances de notre site. Ils nous permettent de savoir quelles sont les pages les plus et les moins populaires et de voir comment les visiteurs se d\u00e9placent sur le site. <\/li><li class=\"whitespace-normal break-words\"><strong>Cookies de fonctionnalit\u00e9 :<\/strong> Ils permettent au site web d&rsquo;offrir une fonctionnalit\u00e9 et une personnalisation am\u00e9lior\u00e9es. Ils peuvent \u00eatre mis en place par nous ou par des fournisseurs tiers dont nous avons ajout\u00e9 les services \u00e0 nos pages. <\/li><li class=\"whitespace-normal break-words\"><strong>Cookies de ciblage :<\/strong> Ils peuvent \u00eatre install\u00e9s sur notre site par nos partenaires publicitaires. Ils peuvent \u00eatre utilis\u00e9s par ces soci\u00e9t\u00e9s pour \u00e9tablir un profil de vos int\u00e9r\u00eats et vous montrer des publicit\u00e9s pertinentes sur d&rsquo;autres sites. <\/li><\/ul><h2 class=\"text-xl font-bold text-text-100 mt-1 -mb-0.5\">4. QUELS COOKIES UTILISONS-NOUS ?<\/h2><p class=\"whitespace-pre-wrap break-words\">Les cookies sp\u00e9cifiques que nous utilisons peuvent \u00eatre les suivants :<\/p><h3 class=\"text-lg font-bold text-text-100 mt-1 -mb-1.5\">Cookies essentiels<\/h3><ul class=\"[&amp;:not(:last-child)_ul]:pb-1 [&amp;:not(:last-child)_ol]:pb-1 list-disc space-y-1.5 pl-7\"><li class=\"whitespace-normal break-words\">Cookies de session pour l&rsquo;authentification de l&rsquo;utilisateur<\/li><li class=\"whitespace-normal break-words\">Cookies qui se souviennent de vos choix en mati\u00e8re de consentement aux cookies<\/li><li class=\"whitespace-normal break-words\">Cookies n\u00e9cessaires \u00e0 des fins de s\u00e9curit\u00e9<\/li><\/ul><h3 class=\"text-lg font-bold text-text-100 mt-1 -mb-1.5\">Cookies de performance<\/h3><ul class=\"[&amp;:not(:last-child)_ul]:pb-1 [&amp;:not(:last-child)_ol]:pb-1 list-disc space-y-1.5 pl-7\"><li class=\"whitespace-normal break-words\">Cookies Google Analytics pour mesurer l&rsquo;utilisation du site<\/li><li class=\"whitespace-normal break-words\">Cookies qui permettent de savoir comment les visiteurs naviguent sur notre site<\/li><\/ul><h3 class=\"text-lg font-bold text-text-100 mt-1 -mb-1.5\">Cookies de fonctionnalit\u00e9<\/h3><ul class=\"[&amp;:not(:last-child)_ul]:pb-1 [&amp;:not(:last-child)_ol]:pb-1 list-disc space-y-1.5 pl-7\"><li class=\"whitespace-normal break-words\">Cookies qui m\u00e9morisent vos pr\u00e9f\u00e9rences (langue, r\u00e9gion, etc.)<\/li><li class=\"whitespace-normal break-words\">Cookies qui personnalisent votre exp\u00e9rience<\/li><\/ul><h3 class=\"text-lg font-bold text-text-100 mt-1 -mb-1.5\">Cookies de ciblage\/publicit\u00e9<\/h3><ul class=\"[&amp;:not(:last-child)_ul]:pb-1 [&amp;:not(:last-child)_ol]:pb-1 list-disc space-y-1.5 pl-7\"><li class=\"whitespace-normal break-words\">Cookies utilis\u00e9s \u00e0 des fins de marketing<\/li><li class=\"whitespace-normal break-words\">Cookies qui suivent votre engagement avec nos publicit\u00e9s<\/li><\/ul><h2 class=\"text-xl font-bold text-text-100 mt-1 -mb-0.5\">5. COOKIES DE TIERS<\/h2><p class=\"whitespace-pre-wrap break-words\">Certains cookies peuvent \u00eatre plac\u00e9s par des tiers lorsque vous utilisez notre site web. Il peut s&rsquo;agir de fournisseurs de services d&rsquo;analyse (comme Google Analytics) et de r\u00e9seaux publicitaires. Nous ne contr\u00f4lons pas ces cookies de tiers. Vous pouvez contr\u00f4ler et g\u00e9rer les cookies de tiers par le biais des param\u00e8tres de votre navigateur.   <\/p><h2 class=\"text-xl font-bold text-text-100 mt-1 -mb-0.5\">6. COMMENT G\u00c9RER LES COOKIES<\/h2><p class=\"whitespace-pre-wrap break-words\">La plupart des navigateurs web vous permettent de g\u00e9rer vos pr\u00e9f\u00e9rences en mati\u00e8re de cookies. Vous pouvez : <\/p><ul class=\"[&amp;:not(:last-child)_ul]:pb-1 [&amp;:not(:last-child)_ol]:pb-1 list-disc space-y-1.5 pl-7\"><li class=\"whitespace-normal break-words\">Supprimer les cookies de votre appareil<\/li><li class=\"whitespace-normal break-words\">Bloquer les cookies en activant le param\u00e8tre de votre navigateur qui vous permet de refuser l&rsquo;installation de tous les cookies ou de certains d&rsquo;entre eux.<\/li><li class=\"whitespace-normal break-words\">Param\u00e9trez votre navigateur pour qu&rsquo;il vous avertisse lorsque vous recevez un cookie<\/li><\/ul><p class=\"whitespace-pre-wrap break-words\">Veuillez noter que si vous choisissez de bloquer tous les cookies (y compris les cookies essentiels), il se peut que vous ne puissiez pas acc\u00e9der \u00e0 certaines parties de notre site web ou utiliser toutes ses fonctionnalit\u00e9s.<\/p><p class=\"whitespace-pre-wrap break-words\">Pour en savoir plus sur les cookies, notamment pour savoir quels cookies ont \u00e9t\u00e9 install\u00e9s et comment les g\u00e9rer et les supprimer, consultez le site <a class=\"underline\" href=\"http:\/\/www.allaboutcookies.org\">www.allaboutcookies.org<\/a>.<\/p><h2 class=\"text-xl font-bold text-text-100 mt-1 -mb-0.5\">7. MODIFICATIONS DE NOTRE POLITIQUE EN MATI\u00c8RE DE COOKIES<\/h2><p class=\"whitespace-pre-wrap break-words\">Nous pouvons mettre \u00e0 jour la pr\u00e9sente politique en mati\u00e8re de cookies de temps \u00e0 autre. Toute modification sera publi\u00e9e sur cette page et entrera en vigueur d\u00e8s sa publication. Nous vous encourageons \u00e0 consulter r\u00e9guli\u00e8rement la pr\u00e9sente politique en mati\u00e8re de cookies afin de rester inform\u00e9 de la mani\u00e8re dont nous utilisons les cookies.<\/p><h2 class=\"text-xl font-bold text-text-100 mt-1 -mb-0.5\">8. CONTACTEZ-NOUS<\/h2><p class=\"whitespace-pre-wrap break-words\">Si vous avez des questions sur notre utilisation des cookies, veuillez nous contacter \u00e0 l&rsquo;adresse suivante :<\/p><p class=\"whitespace-pre-wrap break-words\">Courriel : <a class=\"underline\" href=\"mailto:info@all3xyhealth.com\">info@all3xyhealth.com<\/a><\/p><p class=\"whitespace-pre-wrap break-words\">All3XYHealth FZ-LLC Duba\u00ef, \u00c9mirats Arabes Unis<\/p>\t\t\t\t\t\t\t\t<\/div>\n\t\t\t\t<\/div>\n\t\t\t\t\t<\/div>\n\t\t\t\t<\/div>\n\t\t\t\t<\/div>\n\t\t","protected":false},"excerpt":{"rendered":"<p>POLITIQUE EN MATI\u00c8RE DE COOKIES Derni\u00e8re mise \u00e0 jour : 23 avril 2025 1. L&rsquo;INTRODUCTION Cette politique en mati\u00e8re de cookies explique comment 3XYhealth, une division de All3XYHealth FZ-LLC (\u00ab\u00a0nous\u00a0\u00bb, \u00ab\u00a0notre\u00a0\u00bb ou \u00ab\u00a0nos\u00a0\u00bb), utilise des cookies et des technologies similaires sur son site web. Cette politique en mati\u00e8re de cookies doit \u00eatre lue conjointement avec [&hellip;]<\/p>\n","protected":false},"author":1,"featured_media":0,"parent":0,"menu_order":0,"comment_status":"closed","ping_status":"closed","template":"","meta":{"footnotes":""},"class_list":["post-2236","page","type-page","status-publish","hentry"],"yoast_head":"<!-- This site is optimized with the Yoast SEO plugin v26.7 - https:\/\/yoast.com\/wordpress\/plugins\/seo\/ -->\n<title>Politique en mati\u00e8re de cookies - 3XY Health<\/title>\n<meta name=\"robots\" content=\"index, follow, max-snippet:-1, max-image-preview:large, max-video-preview:-1\" \/>\n<link rel=\"canonical\" href=\"https:\/\/3xyhealth.com\/fr\/politique-en-matiere-de-cookies\/\" \/>\n<meta property=\"og:locale\" content=\"fr_FR\" \/>\n<meta property=\"og:type\" content=\"article\" \/>\n<meta property=\"og:title\" content=\"Politique en mati\u00e8re de cookies - 3XY Health\" \/>\n<meta property=\"og:description\" content=\"POLITIQUE EN MATI\u00c8RE DE COOKIES Derni\u00e8re mise \u00e0 jour : 23 avril 2025 1. L&rsquo;INTRODUCTION Cette politique en mati\u00e8re de cookies explique comment 3XYhealth, une division de All3XYHealth FZ-LLC (\u00ab\u00a0nous\u00a0\u00bb, \u00ab\u00a0notre\u00a0\u00bb ou \u00ab\u00a0nos\u00a0\u00bb), utilise des cookies et des technologies similaires sur son site web. Cette politique en mati\u00e8re de cookies doit \u00eatre lue conjointement avec [&hellip;]\" \/>\n<meta property=\"og:url\" content=\"https:\/\/3xyhealth.com\/fr\/politique-en-matiere-de-cookies\/\" \/>\n<meta property=\"og:site_name\" content=\"3XY Health\" \/>\n<meta property=\"article:modified_time\" content=\"2025-05-30T06:03:34+00:00\" \/>\n<meta name=\"twitter:card\" content=\"summary_large_image\" \/>\n<meta name=\"twitter:label1\" content=\"Dur\u00e9e de lecture estim\u00e9e\" \/>\n\t<meta name=\"twitter:data1\" content=\"4 minutes\" \/>\n<script type=\"application\/ld+json\" class=\"yoast-schema-graph\">{\"@context\":\"https:\/\/schema.org\",\"@graph\":[{\"@type\":\"WebPage\",\"@id\":\"https:\/\/3xyhealth.com\/fr\/politique-en-matiere-de-cookies\/\",\"url\":\"https:\/\/3xyhealth.com\/fr\/politique-en-matiere-de-cookies\/\",\"name\":\"Politique en mati\u00e8re de cookies - 3XY Health\",\"isPartOf\":{\"@id\":\"https:\/\/3xyhealth.com\/fr\/#website\"},\"datePublished\":\"2025-04-23T13:39:13+00:00\",\"dateModified\":\"2025-05-30T06:03:34+00:00\",\"breadcrumb\":{\"@id\":\"https:\/\/3xyhealth.com\/fr\/politique-en-matiere-de-cookies\/#breadcrumb\"},\"inLanguage\":\"fr-FR\",\"potentialAction\":[{\"@type\":\"ReadAction\",\"target\":[\"https:\/\/3xyhealth.com\/fr\/politique-en-matiere-de-cookies\/\"]}]},{\"@type\":\"BreadcrumbList\",\"@id\":\"https:\/\/3xyhealth.com\/fr\/politique-en-matiere-de-cookies\/#breadcrumb\",\"itemListElement\":[{\"@type\":\"ListItem\",\"position\":1,\"name\":\"Home\",\"item\":\"https:\/\/3xyhealth.com\/fr\/favoriser-un-traitement-optimal-des-hommes-et-des-femmes\/\"},{\"@type\":\"ListItem\",\"position\":2,\"name\":\"Politique en mati\u00e8re de cookies\"}]},{\"@type\":\"WebSite\",\"@id\":\"https:\/\/3xyhealth.com\/fr\/#website\",\"url\":\"https:\/\/3xyhealth.com\/fr\/\",\"name\":\"3XY Health\",\"description\":\"\",\"potentialAction\":[{\"@type\":\"SearchAction\",\"target\":{\"@type\":\"EntryPoint\",\"urlTemplate\":\"https:\/\/3xyhealth.com\/fr\/?s={search_term_string}\"},\"query-input\":{\"@type\":\"PropertyValueSpecification\",\"valueRequired\":true,\"valueName\":\"search_term_string\"}}],\"inLanguage\":\"fr-FR\"}]}<\/script>\n<!-- \/ Yoast SEO plugin. -->","yoast_head_json":{"title":"Politique en mati\u00e8re de cookies - 3XY Health","robots":{"index":"index","follow":"follow","max-snippet":"max-snippet:-1","max-image-preview":"max-image-preview:large","max-video-preview":"max-video-preview:-1"},"canonical":"https:\/\/3xyhealth.com\/fr\/politique-en-matiere-de-cookies\/","og_locale":"fr_FR","og_type":"article","og_title":"Politique en mati\u00e8re de cookies - 3XY Health","og_description":"POLITIQUE EN MATI\u00c8RE DE COOKIES Derni\u00e8re mise \u00e0 jour : 23 avril 2025 1. L&rsquo;INTRODUCTION Cette politique en mati\u00e8re de cookies explique comment 3XYhealth, une division de All3XYHealth FZ-LLC (\u00ab\u00a0nous\u00a0\u00bb, \u00ab\u00a0notre\u00a0\u00bb ou \u00ab\u00a0nos\u00a0\u00bb), utilise des cookies et des technologies similaires sur son site web. Cette politique en mati\u00e8re de cookies doit \u00eatre lue conjointement avec [&hellip;]","og_url":"https:\/\/3xyhealth.com\/fr\/politique-en-matiere-de-cookies\/","og_site_name":"3XY Health","article_modified_time":"2025-05-30T06:03:34+00:00","twitter_card":"summary_large_image","twitter_misc":{"Dur\u00e9e de lecture estim\u00e9e":"4 minutes"},"schema":{"@context":"https:\/\/schema.org","@graph":[{"@type":"WebPage","@id":"https:\/\/3xyhealth.com\/fr\/politique-en-matiere-de-cookies\/","url":"https:\/\/3xyhealth.com\/fr\/politique-en-matiere-de-cookies\/","name":"Politique en mati\u00e8re de cookies - 3XY Health","isPartOf":{"@id":"https:\/\/3xyhealth.com\/fr\/#website"},"datePublished":"2025-04-23T13:39:13+00:00","dateModified":"2025-05-30T06:03:34+00:00","breadcrumb":{"@id":"https:\/\/3xyhealth.com\/fr\/politique-en-matiere-de-cookies\/#breadcrumb"},"inLanguage":"fr-FR","potentialAction":[{"@type":"ReadAction","target":["https:\/\/3xyhealth.com\/fr\/politique-en-matiere-de-cookies\/"]}]},{"@type":"BreadcrumbList","@id":"https:\/\/3xyhealth.com\/fr\/politique-en-matiere-de-cookies\/#breadcrumb","itemListElement":[{"@type":"ListItem","position":1,"name":"Home","item":"https:\/\/3xyhealth.com\/fr\/favoriser-un-traitement-optimal-des-hommes-et-des-femmes\/"},{"@type":"ListItem","position":2,"name":"Politique en mati\u00e8re de cookies"}]},{"@type":"WebSite","@id":"https:\/\/3xyhealth.com\/fr\/#website","url":"https:\/\/3xyhealth.com\/fr\/","name":"3XY Health","description":"","potentialAction":[{"@type":"SearchAction","target":{"@type":"EntryPoint","urlTemplate":"https:\/\/3xyhealth.com\/fr\/?s={search_term_string}"},"query-input":{"@type":"PropertyValueSpecification","valueRequired":true,"valueName":"search_term_string"}}],"inLanguage":"fr-FR"}]}},"_links":{"self":[{"href":"https:\/\/3xyhealth.com\/fr\/wp-json\/wp\/v2\/pages\/2236","targetHints":{"allow":["GET"]}}],"collection":[{"href":"https:\/\/3xyhealth.com\/fr\/wp-json\/wp\/v2\/pages"}],"about":[{"href":"https:\/\/3xyhealth.com\/fr\/wp-json\/wp\/v2\/types\/page"}],"author":[{"embeddable":true,"href":"https:\/\/3xyhealth.com\/fr\/wp-json\/wp\/v2\/users\/1"}],"replies":[{"embeddable":true,"href":"https:\/\/3xyhealth.com\/fr\/wp-json\/wp\/v2\/comments?post=2236"}],"version-history":[{"count":3,"href":"https:\/\/3xyhealth.com\/fr\/wp-json\/wp\/v2\/pages\/2236\/revisions"}],"predecessor-version":[{"id":2366,"href":"https:\/\/3xyhealth.com\/fr\/wp-json\/wp\/v2\/pages\/2236\/revisions\/2366"}],"wp:attachment":[{"href":"https:\/\/3xyhealth.com\/fr\/wp-json\/wp\/v2\/media?parent=2236"}],"curies":[{"name":"wp","href":"https:\/\/api.w.org\/{rel}","templated":true}]}}