{"id":2275,"date":"2025-02-10T10:54:54","date_gmt":"2025-02-10T10:54:54","guid":{"rendered":"https:\/\/3xyhealth.com\/politique-de-confidentialite\/"},"modified":"2025-05-16T08:40:28","modified_gmt":"2025-05-16T08:40:28","slug":"politique-de-confidentialite","status":"publish","type":"page","link":"https:\/\/3xyhealth.com\/fr\/politique-de-confidentialite\/","title":{"rendered":"Politique de confidentialit\u00e9"},"content":{"rendered":"\t\t<div data-elementor-type=\"wp-page\" data-elementor-id=\"2275\" class=\"elementor elementor-2275 elementor-3\" data-elementor-post-type=\"page\">\n\t\t\t\t<div class=\"elementor-element elementor-element-fb493c8 e-flex e-con-boxed e-con e-parent\" data-id=\"fb493c8\" data-element_type=\"container\">\n\t\t\t\t\t<div class=\"e-con-inner\">\n\t\t\t\t<div class=\"elementor-element elementor-element-8378dbb elementor-widget elementor-widget-text-editor\" data-id=\"8378dbb\" data-element_type=\"widget\" data-widget_type=\"text-editor.default\">\n\t\t\t\t<div class=\"elementor-widget-container\">\n\t\t\t\t\t\t\t\t\t<h1>POLITIQUE DE CONFIDENTIALIT\u00c9<\/h1>\n<p><strong>Derni\u00e8re mise \u00e0 jour : 23 avril 2025<\/strong><\/p>\n<h2>1. L&rsquo;INTRODUCTION<\/h2>\n<p>3XYhealth, une division de All3XYHealth FZ-LLC (\u00ab\u00a0nous\u00a0\u00bb, \u00ab\u00a0notre\u00a0\u00bb ou \u00ab\u00a0nos\u00a0\u00bb), respecte votre vie priv\u00e9e et s&rsquo;engage \u00e0 prot\u00e9ger vos donn\u00e9es personnelles. Cette politique de confidentialit\u00e9 vous informera sur la mani\u00e8re dont nous traitons vos donn\u00e9es personnelles lorsque vous visitez notre site web et vous renseignera sur vos droits en mati\u00e8re de confidentialit\u00e9 et sur la mani\u00e8re dont la loi vous prot\u00e8ge. <\/p>\n<p>Cette politique de confidentialit\u00e9 s&rsquo;applique \u00e0 toutes les informations personnelles que nous recueillons par le biais de notre site web, de nos communications \u00e9lectroniques ou de nos interactions directes avec vous.<\/p>\n<h2>2. INFORMATIONS SUR L&rsquo;ENTREPRISE<\/h2>\n<ul>\n<li><strong>Nom de l&rsquo;entreprise :<\/strong> 3XYhealth (une division de All3XYHealth FZ-LLC)<\/li>\n<li><strong>Adresse de courriel :<\/strong> info@all3xyhealth.com<\/li>\n<li><strong>Adresse du si\u00e8ge social :<\/strong> Duba\u00ef, \u00c9mirats arabes unis<\/li>\n<\/ul>\n<h2>3. DONN\u00c9ES QUE NOUS COLLECTONS<\/h2>\n<p>Nous pouvons collecter, utiliser, stocker et transf\u00e9rer diff\u00e9rents types de donn\u00e9es \u00e0 caract\u00e8re personnel vous concernant, que nous avons regroup\u00e9es comme suit :<\/p>\n<ul>\n<li>Les <strong>donn\u00e9es d&rsquo;identit\u00e9<\/strong> comprennent le pr\u00e9nom, le nom de famille, le nom d&rsquo;utilisateur ou un identifiant similaire, le titre.<\/li>\n<li>Les <strong>donn\u00e9es de contact<\/strong> comprennent l&rsquo;adresse de facturation, l&rsquo;adresse de livraison, l&rsquo;adresse \u00e9lectronique et les num\u00e9ros de t\u00e9l\u00e9phone.<\/li>\n<li>Les <strong>donn\u00e9es techniques<\/strong> comprennent l&rsquo;adresse de protocole Internet (IP), vos donn\u00e9es de connexion, le type et la version du navigateur, le r\u00e9glage du fuseau horaire et la localisation, les types et versions des plug-ins du navigateur, le syst\u00e8me d&rsquo;exploitation et la plateforme, ainsi que d&rsquo;autres technologies sur les appareils que vous utilisez pour acc\u00e9der \u00e0 ce site web.<\/li>\n<li>Les <strong>donn\u00e9es d&rsquo;utilisation<\/strong> comprennent des informations sur la mani\u00e8re dont vous utilisez notre site web, nos produits et nos services.<\/li>\n<li>Les <strong>donn\u00e9es de marketing et de communication<\/strong> comprennent vos pr\u00e9f\u00e9rences en mati\u00e8re de r\u00e9ception de marketing de notre part et de la part de nos tiers, ainsi que vos pr\u00e9f\u00e9rences en mati\u00e8re de communication.<\/li>\n<\/ul>\n<h2>4. COMMENT NOUS COLLECTONS VOS DONN\u00c9ES<\/h2>\n<p>Nous utilisons diff\u00e9rentes m\u00e9thodes pour collecter des donn\u00e9es aupr\u00e8s de vous et \u00e0 votre sujet, notamment par le biais de :<\/p>\n<ul>\n<li><strong>Interactions directes.<\/strong>  Vous pouvez nous communiquer votre identit\u00e9 et vos coordonn\u00e9es en remplissant des formulaires ou en correspondant avec nous par courrier, t\u00e9l\u00e9phone, courrier \u00e9lectronique ou autre.<\/li>\n<li><strong>Technologies ou interactions automatis\u00e9es.<\/strong>  Lorsque vous interagissez avec notre site web, nous pouvons collecter automatiquement des donn\u00e9es techniques sur votre \u00e9quipement, vos actions de navigation et vos habitudes. Nous collectons ces donn\u00e9es personnelles en utilisant des cookies, des journaux de serveur et d&rsquo;autres technologies similaires. <\/li>\n<li><strong>des tiers ou des sources accessibles au public.<\/strong>  Nous pouvons recevoir des donn\u00e9es personnelles vous concernant de la part de divers tiers et sources publiques.<\/li>\n<\/ul>\n<h2>5. COMMENT NOUS UTILISONS VOS DONN\u00c9ES<\/h2>\n<p>Nous n&rsquo;utiliserons vos donn\u00e9es personnelles que si la loi nous y autorise. Le plus souvent, nous utiliserons vos donn\u00e9es personnelles dans les circonstances suivantes : <\/p>\n<ul>\n<li>Lorsque nous devons ex\u00e9cuter le contrat que nous sommes sur le point de conclure ou que nous avons conclu avec vous.<\/li>\n<li>Lorsque cela est n\u00e9cessaire pour nos int\u00e9r\u00eats l\u00e9gitimes (ou ceux d&rsquo;un tiers) et que vos int\u00e9r\u00eats et droits fondamentaux ne pr\u00e9valent pas sur ces int\u00e9r\u00eats.<\/li>\n<li>Lorsque nous devons nous conformer \u00e0 une obligation l\u00e9gale.<\/li>\n<li>Lorsque vous avez donn\u00e9 votre consentement.<\/li>\n<\/ul>\n<h2>6. CONSERVATION DES DONN\u00c9ES<\/h2>\n<p>Nous ne conserverons vos donn\u00e9es \u00e0 caract\u00e8re personnel que pendant la dur\u00e9e raisonnablement n\u00e9cessaire pour atteindre les objectifs pour lesquels nous les avons collect\u00e9es, y compris pour satisfaire aux exigences l\u00e9gales, r\u00e9glementaires, fiscales, comptables ou d&rsquo;\u00e9tablissement de rapports.<\/p>\n<h2>7. VOS DROITS L\u00c9GAUX<\/h2>\n<p>En vertu du d\u00e9cret-loi f\u00e9d\u00e9ral des \u00c9mirats arabes unis n\u00b0 45 de 2021 sur la protection des donn\u00e9es personnelles (PDPL), vous avez des droits en ce qui concerne vos donn\u00e9es personnelles, notamment le droit de.. :<\/p>\n<ul>\n<li>Demander l&rsquo;acc\u00e8s \u00e0 vos donn\u00e9es personnelles.<\/li>\n<li>Demander la correction de vos donn\u00e9es personnelles.<\/li>\n<li>Demander l&rsquo;effacement de vos donn\u00e9es personnelles.<\/li>\n<li>S&rsquo;opposer au traitement de vos donn\u00e9es personnelles.<\/li>\n<li>Demander la restriction du traitement de vos donn\u00e9es personnelles.<\/li>\n<li>Demander le transfert de vos donn\u00e9es personnelles.<\/li>\n<li>Droit de retirer son consentement.<\/li>\n<\/ul>\n<p>Si vous souhaitez exercer l&rsquo;un de ces droits, veuillez nous contacter \u00e0 l&rsquo;adresse suivante : info@all3xyhealth.com.<\/p>\n<h2>8. TRANSFERTS INTERNATIONAUX<\/h2>\n<p>Nous sommes bas\u00e9s \u00e0 Duba\u00ef, aux \u00c9mirats arabes unis, et les donn\u00e9es personnelles que nous recueillons sont stock\u00e9es sur des serveurs situ\u00e9s aux \u00c9mirats arabes unis. Si nous devons transf\u00e9rer vos donn\u00e9es personnelles vers un autre pays, nous veillerons \u00e0 ce que des garanties appropri\u00e9es soient mises en place pour prot\u00e9ger vos donn\u00e9es. <\/p>\n<h2>9. S\u00c9CURIT\u00c9 DES DONN\u00c9ES<\/h2>\n<p>Nous avons mis en place des mesures de s\u00e9curit\u00e9 appropri\u00e9es pour \u00e9viter que vos donn\u00e9es \u00e0 caract\u00e8re personnel ne soient accidentellement perdues, utilis\u00e9es ou consult\u00e9es de mani\u00e8re non autoris\u00e9e, modifi\u00e9es ou divulgu\u00e9es. En outre, nous limitons l&rsquo;acc\u00e8s \u00e0 vos donn\u00e9es personnelles aux employ\u00e9s, agents, sous-traitants et autres tiers qui ont besoin de les conna\u00eetre pour des raisons professionnelles. <\/p>\n<h2>10. COOKIES<\/h2>\n<p>Notre site web utilise des cookies pour vous distinguer des autres utilisateurs de notre site. Cela nous aide \u00e0 vous offrir une bonne exp\u00e9rience lorsque vous naviguez sur notre site web et nous permet \u00e9galement d&rsquo;am\u00e9liorer notre site. Vous pouvez configurer votre navigateur pour qu&rsquo;il refuse tout ou partie des cookies, ou pour qu&rsquo;il vous avertisse lorsque des sites web installent des cookies ou y acc\u00e8dent.  <\/p>\n<h2>11. LIENS AVEC DES TIERS<\/h2>\n<p>Ce site web peut inclure des liens vers des sites web, des plug-ins et des applications de tiers. Le fait de cliquer sur ces liens ou d&rsquo;activer ces connexions peut permettre \u00e0 des tiers de collecter ou de partager des donn\u00e9es vous concernant. Nous ne contr\u00f4lons pas ces sites web tiers et ne sommes pas responsables de leurs d\u00e9clarations de confidentialit\u00e9.  <\/p>\n<h2>12. LA VIE PRIV\u00c9E DES ENFANTS<\/h2>\n<p>Nos services ne sont pas destin\u00e9s aux enfants de moins de 18 ans. Nous ne collectons pas sciemment de donn\u00e9es personnelles aupr\u00e8s d&rsquo;enfants de moins de 18 ans. Si vous \u00eates un parent ou un tuteur et que vous pensez que votre enfant nous a fourni des donn\u00e9es personnelles, veuillez nous contacter \u00e0 l&rsquo;adresse info@all3xyhealth.com.  <\/p>\n<h2>13. MODIFICATIONS DE LA PR\u00c9SENTE POLITIQUE DE PROTECTION DE LA VIE PRIV\u00c9E<\/h2>\n<p>Nous pouvons mettre \u00e0 jour cette politique de confidentialit\u00e9 de temps \u00e0 autre. Nous vous informerons de toute modification en publiant la nouvelle politique de confidentialit\u00e9 sur cette page et en mettant \u00e0 jour la date de \u00ab\u00a0derni\u00e8re mise \u00e0 jour\u00a0\u00bb en haut de la pr\u00e9sente politique de confidentialit\u00e9. <\/p>\n<h2>14. CONTACTEZ-NOUS<\/h2>\n<p>Si vous avez des questions sur cette politique de confidentialit\u00e9 ou sur nos pratiques en mati\u00e8re de protection de la vie priv\u00e9e, veuillez nous contacter \u00e0 l&rsquo;adresse suivante :<\/p>\n<p>Courriel : info@all3xyhealth.com<\/p>\n<p>All3XYHealth FZ-LLC Duba\u00ef, \u00c9mirats arabes unis<\/p>\t\t\t\t\t\t\t\t<\/div>\n\t\t\t\t<\/div>\n\t\t\t\t\t<\/div>\n\t\t\t\t<\/div>\n\t\t\t\t<\/div>\n\t\t","protected":false},"excerpt":{"rendered":"<p>POLITIQUE DE CONFIDENTIALIT\u00c9 Derni\u00e8re mise \u00e0 jour : 23 avril 2025 1. L&rsquo;INTRODUCTION 3XYhealth, une division de All3XYHealth FZ-LLC (\u00ab\u00a0nous\u00a0\u00bb, \u00ab\u00a0notre\u00a0\u00bb ou \u00ab\u00a0nos\u00a0\u00bb), respecte votre vie priv\u00e9e et s&rsquo;engage \u00e0 prot\u00e9ger vos donn\u00e9es personnelles. Cette politique de confidentialit\u00e9 vous informera sur la mani\u00e8re dont nous traitons vos donn\u00e9es personnelles lorsque vous visitez notre site web [&hellip;]<\/p>\n","protected":false},"author":1,"featured_media":0,"parent":0,"menu_order":0,"comment_status":"closed","ping_status":"open","template":"","meta":{"footnotes":""},"class_list":["post-2275","page","type-page","status-publish","hentry"],"yoast_head":"<!-- This site is optimized with the Yoast SEO plugin v26.7 - https:\/\/yoast.com\/wordpress\/plugins\/seo\/ -->\n<title>Politique de confidentialit\u00e9 - 3XY Health<\/title>\n<meta name=\"robots\" content=\"index, follow, max-snippet:-1, max-image-preview:large, max-video-preview:-1\" \/>\n<link rel=\"canonical\" href=\"https:\/\/3xyhealth.com\/fr\/politique-de-confidentialite\/\" \/>\n<meta property=\"og:locale\" content=\"fr_FR\" \/>\n<meta property=\"og:type\" content=\"article\" \/>\n<meta property=\"og:title\" content=\"Politique de confidentialit\u00e9 - 3XY Health\" \/>\n<meta property=\"og:description\" content=\"POLITIQUE DE CONFIDENTIALIT\u00c9 Derni\u00e8re mise \u00e0 jour : 23 avril 2025 1. L&rsquo;INTRODUCTION 3XYhealth, une division de All3XYHealth FZ-LLC (\u00ab\u00a0nous\u00a0\u00bb, \u00ab\u00a0notre\u00a0\u00bb ou \u00ab\u00a0nos\u00a0\u00bb), respecte votre vie priv\u00e9e et s&rsquo;engage \u00e0 prot\u00e9ger vos donn\u00e9es personnelles. Cette politique de confidentialit\u00e9 vous informera sur la mani\u00e8re dont nous traitons vos donn\u00e9es personnelles lorsque vous visitez notre site web [&hellip;]\" \/>\n<meta property=\"og:url\" content=\"https:\/\/3xyhealth.com\/fr\/politique-de-confidentialite\/\" \/>\n<meta property=\"og:site_name\" content=\"3XY Health\" \/>\n<meta property=\"article:modified_time\" content=\"2025-05-16T08:40:28+00:00\" \/>\n<meta name=\"twitter:card\" content=\"summary_large_image\" \/>\n<meta name=\"twitter:label1\" content=\"Dur\u00e9e de lecture estim\u00e9e\" \/>\n\t<meta name=\"twitter:data1\" content=\"6 minutes\" \/>\n<script type=\"application\/ld+json\" class=\"yoast-schema-graph\">{\"@context\":\"https:\/\/schema.org\",\"@graph\":[{\"@type\":\"WebPage\",\"@id\":\"https:\/\/3xyhealth.com\/fr\/politique-de-confidentialite\/\",\"url\":\"https:\/\/3xyhealth.com\/fr\/politique-de-confidentialite\/\",\"name\":\"Politique de confidentialit\u00e9 - 3XY Health\",\"isPartOf\":{\"@id\":\"https:\/\/3xyhealth.com\/fr\/#website\"},\"datePublished\":\"2025-02-10T10:54:54+00:00\",\"dateModified\":\"2025-05-16T08:40:28+00:00\",\"breadcrumb\":{\"@id\":\"https:\/\/3xyhealth.com\/fr\/politique-de-confidentialite\/#breadcrumb\"},\"inLanguage\":\"fr-FR\",\"potentialAction\":[{\"@type\":\"ReadAction\",\"target\":[\"https:\/\/3xyhealth.com\/fr\/politique-de-confidentialite\/\"]}]},{\"@type\":\"BreadcrumbList\",\"@id\":\"https:\/\/3xyhealth.com\/fr\/politique-de-confidentialite\/#breadcrumb\",\"itemListElement\":[{\"@type\":\"ListItem\",\"position\":1,\"name\":\"Home\",\"item\":\"https:\/\/3xyhealth.com\/fr\/favoriser-un-traitement-optimal-des-hommes-et-des-femmes\/\"},{\"@type\":\"ListItem\",\"position\":2,\"name\":\"Politique de confidentialit\u00e9\"}]},{\"@type\":\"WebSite\",\"@id\":\"https:\/\/3xyhealth.com\/fr\/#website\",\"url\":\"https:\/\/3xyhealth.com\/fr\/\",\"name\":\"3XY Health\",\"description\":\"\",\"potentialAction\":[{\"@type\":\"SearchAction\",\"target\":{\"@type\":\"EntryPoint\",\"urlTemplate\":\"https:\/\/3xyhealth.com\/fr\/?s={search_term_string}\"},\"query-input\":{\"@type\":\"PropertyValueSpecification\",\"valueRequired\":true,\"valueName\":\"search_term_string\"}}],\"inLanguage\":\"fr-FR\"}]}<\/script>\n<!-- \/ Yoast SEO plugin. -->","yoast_head_json":{"title":"Politique de confidentialit\u00e9 - 3XY Health","robots":{"index":"index","follow":"follow","max-snippet":"max-snippet:-1","max-image-preview":"max-image-preview:large","max-video-preview":"max-video-preview:-1"},"canonical":"https:\/\/3xyhealth.com\/fr\/politique-de-confidentialite\/","og_locale":"fr_FR","og_type":"article","og_title":"Politique de confidentialit\u00e9 - 3XY Health","og_description":"POLITIQUE DE CONFIDENTIALIT\u00c9 Derni\u00e8re mise \u00e0 jour : 23 avril 2025 1. L&rsquo;INTRODUCTION 3XYhealth, une division de All3XYHealth FZ-LLC (\u00ab\u00a0nous\u00a0\u00bb, \u00ab\u00a0notre\u00a0\u00bb ou \u00ab\u00a0nos\u00a0\u00bb), respecte votre vie priv\u00e9e et s&rsquo;engage \u00e0 prot\u00e9ger vos donn\u00e9es personnelles. Cette politique de confidentialit\u00e9 vous informera sur la mani\u00e8re dont nous traitons vos donn\u00e9es personnelles lorsque vous visitez notre site web [&hellip;]","og_url":"https:\/\/3xyhealth.com\/fr\/politique-de-confidentialite\/","og_site_name":"3XY Health","article_modified_time":"2025-05-16T08:40:28+00:00","twitter_card":"summary_large_image","twitter_misc":{"Dur\u00e9e de lecture estim\u00e9e":"6 minutes"},"schema":{"@context":"https:\/\/schema.org","@graph":[{"@type":"WebPage","@id":"https:\/\/3xyhealth.com\/fr\/politique-de-confidentialite\/","url":"https:\/\/3xyhealth.com\/fr\/politique-de-confidentialite\/","name":"Politique de confidentialit\u00e9 - 3XY Health","isPartOf":{"@id":"https:\/\/3xyhealth.com\/fr\/#website"},"datePublished":"2025-02-10T10:54:54+00:00","dateModified":"2025-05-16T08:40:28+00:00","breadcrumb":{"@id":"https:\/\/3xyhealth.com\/fr\/politique-de-confidentialite\/#breadcrumb"},"inLanguage":"fr-FR","potentialAction":[{"@type":"ReadAction","target":["https:\/\/3xyhealth.com\/fr\/politique-de-confidentialite\/"]}]},{"@type":"BreadcrumbList","@id":"https:\/\/3xyhealth.com\/fr\/politique-de-confidentialite\/#breadcrumb","itemListElement":[{"@type":"ListItem","position":1,"name":"Home","item":"https:\/\/3xyhealth.com\/fr\/favoriser-un-traitement-optimal-des-hommes-et-des-femmes\/"},{"@type":"ListItem","position":2,"name":"Politique de confidentialit\u00e9"}]},{"@type":"WebSite","@id":"https:\/\/3xyhealth.com\/fr\/#website","url":"https:\/\/3xyhealth.com\/fr\/","name":"3XY Health","description":"","potentialAction":[{"@type":"SearchAction","target":{"@type":"EntryPoint","urlTemplate":"https:\/\/3xyhealth.com\/fr\/?s={search_term_string}"},"query-input":{"@type":"PropertyValueSpecification","valueRequired":true,"valueName":"search_term_string"}}],"inLanguage":"fr-FR"}]}},"_links":{"self":[{"href":"https:\/\/3xyhealth.com\/fr\/wp-json\/wp\/v2\/pages\/2275","targetHints":{"allow":["GET"]}}],"collection":[{"href":"https:\/\/3xyhealth.com\/fr\/wp-json\/wp\/v2\/pages"}],"about":[{"href":"https:\/\/3xyhealth.com\/fr\/wp-json\/wp\/v2\/types\/page"}],"author":[{"embeddable":true,"href":"https:\/\/3xyhealth.com\/fr\/wp-json\/wp\/v2\/users\/1"}],"replies":[{"embeddable":true,"href":"https:\/\/3xyhealth.com\/fr\/wp-json\/wp\/v2\/comments?post=2275"}],"version-history":[{"count":1,"href":"https:\/\/3xyhealth.com\/fr\/wp-json\/wp\/v2\/pages\/2275\/revisions"}],"predecessor-version":[{"id":2276,"href":"https:\/\/3xyhealth.com\/fr\/wp-json\/wp\/v2\/pages\/2275\/revisions\/2276"}],"wp:attachment":[{"href":"https:\/\/3xyhealth.com\/fr\/wp-json\/wp\/v2\/media?parent=2275"}],"curies":[{"name":"wp","href":"https:\/\/api.w.org\/{rel}","templated":true}]}}